{"id":983,"date":"2017-10-31T22:18:27","date_gmt":"2017-10-31T22:18:27","guid":{"rendered":"https:\/\/teadusjategu.ee\/?page_id=983"},"modified":"2017-10-31T22:45:59","modified_gmt":"2017-10-31T22:45:59","slug":"palvelut","status":"publish","type":"page","link":"https:\/\/teadusjategu.ee\/index.php\/fi\/palvelut\/","title":{"rendered":"Palvelut"},"content":{"rendered":"<div id=\"pl-983\"  class=\"panel-layout\" ><div id=\"pg-983-0\"  class=\"panel-grid panel-no-style\" ><div id=\"pgc-983-0-0\"  class=\"panel-grid-cell\" ><div id=\"panel-983-0-0-0\" class=\"so-panel widget widget_black-studio-tinymce widget_black_studio_tinymce panel-first-child\" data-index=\"0\" ><div class=\"textwidget\"><h4 style=\"text-align: center;\"><strong>Palveluhinnasto<\/strong><\/h4>\n<\/div><\/div><div id=\"panel-983-0-0-1\" class=\"so-panel widget widget_black-studio-tinymce widget_black_studio_tinymce panel-last-child\" data-index=\"1\" ><div class=\"textwidget\"><p style=\"text-align: center;\">\u00a0<\/p>\n<p style=\"text-align: center;\">\n<table id=\"tablepress-1\" class=\"tablepress tablepress-id-1\">\n<tbody class=\"row-striping row-hover\">\n<tr class=\"row-1\">\n\t<td class=\"column-1\">Neuvonta, seminaarien ym. tapahtumien valmistelut<\/td><td class=\"column-2\">18\u20ac\/h<\/td>\n<\/tr>\n<tr class=\"row-2\">\n\t<td class=\"column-1\">Tutkimustoiminta<\/td><td class=\"column-2\">24\u20ac\/h<\/td>\n<\/tr>\n<tr class=\"row-3\">\n\t<td class=\"column-1\">Kirjallisuustutkimukset<\/td><td class=\"column-2\">20\u20ac\/h<\/td>\n<\/tr>\n<tr class=\"row-4\">\n\t<td class=\"column-1\">Suunnitteluty\u00f6<\/td><td class=\"column-2\">24\u20ac\/h<\/td>\n<\/tr>\n<tr class=\"row-5\">\n\t<td class=\"column-1\">Laskentaty\u00f6<\/td><td class=\"column-2\">18\u20ac\/h<\/td>\n<\/tr>\n<tr class=\"row-6\">\n\t<td class=\"column-1\">Mittausty\u00f6t (lis\u00e4\u00e4ntyy mittalaitteiston k\u00e4ytt\u00f6)<\/td><td class=\"column-2\">18\u20ac\/h<\/td>\n<\/tr>\n<tr class=\"row-7\">\n\t<td class=\"column-1\">Piirustukset, kuvank\u00e4sittely<\/td><td class=\"column-2\">22\u20ac\/h<\/td>\n<\/tr>\n<tr class=\"row-8\">\n\t<td class=\"column-1\">Kirjantaitto<\/td><td class=\"column-2\">22\u20ac\/h<\/td>\n<\/tr>\n<tr class=\"row-9\">\n\t<td class=\"column-1\">Tulkkaus<\/td><td class=\"column-2\">20\u20ac\/h<\/td>\n<\/tr>\n<tr class=\"row-10\">\n\t<td class=\"column-1\">Opastus<\/td><td class=\"column-2\">20\u20ac\/h<\/td>\n<\/tr>\n<tr class=\"row-11\">\n\t<td class=\"column-1\">Autokuljetukset (henkil\u00f6auto)<\/td><td class=\"column-2\">0,8\u20ac\/km (sis\u00e4lt\u00e4\u00e4 kuljettajan ja tuntimaksun)<\/td>\n<\/tr>\n<\/tbody>\n<\/table>\n<\/p>\n<\/div><\/div><\/div><\/div><div id=\"pg-983-1\"  class=\"panel-grid panel-no-style\" ><div id=\"pgc-983-1-0\"  class=\"panel-grid-cell\" ><div id=\"panel-983-1-0-0\" class=\"so-panel widget widget_black-studio-tinymce widget_black_studio_tinymce panel-first-child panel-last-child\" data-index=\"2\" ><div class=\"textwidget\"><p style=\"text-align: left;\">\u00a0Laskutus Viron Hansapankin tilille no. <strong>EE692200221064449295<\/strong><\/p>\n<\/div><\/div><\/div><\/div><\/div>","protected":false},"excerpt":{"rendered":"<p>Palveluhinnasto \u00a0 \u00a0Laskutus Viron Hansapankin tilille no. EE692200221064449295<\/p>\n","protected":false},"author":1,"featured_media":0,"parent":0,"menu_order":0,"comment_status":"closed","ping_status":"closed","template":"","meta":{"footnotes":""},"class_list":["post-983","page","type-page","status-publish","hentry"],"yoast_head":"<!-- This site is optimized with the Yoast SEO plugin v21.2 - https:\/\/yoast.com\/wordpress\/plugins\/seo\/ -->\n<title>Palvelut - Teadus ja Tegu<\/title>\n<meta name=\"robots\" content=\"index, follow, max-snippet:-1, max-image-preview:large, max-video-preview:-1\" \/>\n<link rel=\"canonical\" href=\"https:\/\/teadusjategu.ee\/index.php\/fi\/palvelut\/\" \/>\n<meta property=\"og:locale\" content=\"et_EE\" \/>\n<meta property=\"og:type\" content=\"article\" \/>\n<meta property=\"og:title\" content=\"Palvelut - Teadus ja Tegu\" \/>\n<meta property=\"og:description\" content=\"Palveluhinnasto \u00a0 \u00a0Laskutus Viron Hansapankin tilille no. EE692200221064449295\" \/>\n<meta property=\"og:url\" content=\"https:\/\/teadusjategu.ee\/index.php\/fi\/palvelut\/\" \/>\n<meta property=\"og:site_name\" content=\"Teadus ja Tegu\" \/>\n<meta property=\"article:modified_time\" content=\"2017-10-31T22:45:59+00:00\" \/>\n<meta name=\"twitter:card\" content=\"summary_large_image\" \/>\n<script type=\"application\/ld+json\" class=\"yoast-schema-graph\">{\"@context\":\"https:\/\/schema.org\",\"@graph\":[{\"@type\":\"WebPage\",\"@id\":\"https:\/\/teadusjategu.ee\/index.php\/fi\/palvelut\/\",\"url\":\"https:\/\/teadusjategu.ee\/index.php\/fi\/palvelut\/\",\"name\":\"Palvelut - Teadus ja Tegu\",\"isPartOf\":{\"@id\":\"https:\/\/teadusjategu.ee\/#website\"},\"datePublished\":\"2017-10-31T22:18:27+00:00\",\"dateModified\":\"2017-10-31T22:45:59+00:00\",\"breadcrumb\":{\"@id\":\"https:\/\/teadusjategu.ee\/index.php\/fi\/palvelut\/#breadcrumb\"},\"inLanguage\":\"et\",\"potentialAction\":[{\"@type\":\"ReadAction\",\"target\":[\"https:\/\/teadusjategu.ee\/index.php\/fi\/palvelut\/\"]}]},{\"@type\":\"BreadcrumbList\",\"@id\":\"https:\/\/teadusjategu.ee\/index.php\/fi\/palvelut\/#breadcrumb\",\"itemListElement\":[{\"@type\":\"ListItem\",\"position\":1,\"name\":\"Home\",\"item\":\"https:\/\/teadusjategu.ee\/index.php\/et\/esileht\/\"},{\"@type\":\"ListItem\",\"position\":2,\"name\":\"Palvelut\"}]},{\"@type\":\"WebSite\",\"@id\":\"https:\/\/teadusjategu.ee\/#website\",\"url\":\"https:\/\/teadusjategu.ee\/\",\"name\":\"Teadus ja Tegu\",\"description\":\"Teadus ja Tegu O\u00dc veebileht\",\"publisher\":{\"@id\":\"https:\/\/teadusjategu.ee\/#organization\"},\"potentialAction\":[{\"@type\":\"SearchAction\",\"target\":{\"@type\":\"EntryPoint\",\"urlTemplate\":\"https:\/\/teadusjategu.ee\/?s={search_term_string}\"},\"query-input\":\"required name=search_term_string\"}],\"inLanguage\":\"et\"},{\"@type\":\"Organization\",\"@id\":\"https:\/\/teadusjategu.ee\/#organization\",\"name\":\"Teadus ja Tegu\",\"url\":\"https:\/\/teadusjategu.ee\/\",\"logo\":{\"@type\":\"ImageObject\",\"inLanguage\":\"et\",\"@id\":\"https:\/\/teadusjategu.ee\/#\/schema\/logo\/image\/\",\"url\":\"https:\/\/teadusjategu.ee\/wp-content\/uploads\/2017\/01\/cropped-TT4.png\",\"contentUrl\":\"https:\/\/teadusjategu.ee\/wp-content\/uploads\/2017\/01\/cropped-TT4.png\",\"width\":300,\"height\":60,\"caption\":\"Teadus ja Tegu\"},\"image\":{\"@id\":\"https:\/\/teadusjategu.ee\/#\/schema\/logo\/image\/\"}}]}<\/script>\n<!-- \/ Yoast SEO plugin. -->","yoast_head_json":{"title":"Palvelut - Teadus ja Tegu","robots":{"index":"index","follow":"follow","max-snippet":"max-snippet:-1","max-image-preview":"max-image-preview:large","max-video-preview":"max-video-preview:-1"},"canonical":"https:\/\/teadusjategu.ee\/index.php\/fi\/palvelut\/","og_locale":"et_EE","og_type":"article","og_title":"Palvelut - Teadus ja Tegu","og_description":"Palveluhinnasto \u00a0 \u00a0Laskutus Viron Hansapankin tilille no. EE692200221064449295","og_url":"https:\/\/teadusjategu.ee\/index.php\/fi\/palvelut\/","og_site_name":"Teadus ja Tegu","article_modified_time":"2017-10-31T22:45:59+00:00","twitter_card":"summary_large_image","schema":{"@context":"https:\/\/schema.org","@graph":[{"@type":"WebPage","@id":"https:\/\/teadusjategu.ee\/index.php\/fi\/palvelut\/","url":"https:\/\/teadusjategu.ee\/index.php\/fi\/palvelut\/","name":"Palvelut - Teadus ja Tegu","isPartOf":{"@id":"https:\/\/teadusjategu.ee\/#website"},"datePublished":"2017-10-31T22:18:27+00:00","dateModified":"2017-10-31T22:45:59+00:00","breadcrumb":{"@id":"https:\/\/teadusjategu.ee\/index.php\/fi\/palvelut\/#breadcrumb"},"inLanguage":"et","potentialAction":[{"@type":"ReadAction","target":["https:\/\/teadusjategu.ee\/index.php\/fi\/palvelut\/"]}]},{"@type":"BreadcrumbList","@id":"https:\/\/teadusjategu.ee\/index.php\/fi\/palvelut\/#breadcrumb","itemListElement":[{"@type":"ListItem","position":1,"name":"Home","item":"https:\/\/teadusjategu.ee\/index.php\/et\/esileht\/"},{"@type":"ListItem","position":2,"name":"Palvelut"}]},{"@type":"WebSite","@id":"https:\/\/teadusjategu.ee\/#website","url":"https:\/\/teadusjategu.ee\/","name":"Teadus ja Tegu","description":"Teadus ja Tegu O\u00dc veebileht","publisher":{"@id":"https:\/\/teadusjategu.ee\/#organization"},"potentialAction":[{"@type":"SearchAction","target":{"@type":"EntryPoint","urlTemplate":"https:\/\/teadusjategu.ee\/?s={search_term_string}"},"query-input":"required name=search_term_string"}],"inLanguage":"et"},{"@type":"Organization","@id":"https:\/\/teadusjategu.ee\/#organization","name":"Teadus ja Tegu","url":"https:\/\/teadusjategu.ee\/","logo":{"@type":"ImageObject","inLanguage":"et","@id":"https:\/\/teadusjategu.ee\/#\/schema\/logo\/image\/","url":"https:\/\/teadusjategu.ee\/wp-content\/uploads\/2017\/01\/cropped-TT4.png","contentUrl":"https:\/\/teadusjategu.ee\/wp-content\/uploads\/2017\/01\/cropped-TT4.png","width":300,"height":60,"caption":"Teadus ja Tegu"},"image":{"@id":"https:\/\/teadusjategu.ee\/#\/schema\/logo\/image\/"}}]}},"_links":{"self":[{"href":"https:\/\/teadusjategu.ee\/index.php\/wp-json\/wp\/v2\/pages\/983","targetHints":{"allow":["GET"]}}],"collection":[{"href":"https:\/\/teadusjategu.ee\/index.php\/wp-json\/wp\/v2\/pages"}],"about":[{"href":"https:\/\/teadusjategu.ee\/index.php\/wp-json\/wp\/v2\/types\/page"}],"author":[{"embeddable":true,"href":"https:\/\/teadusjategu.ee\/index.php\/wp-json\/wp\/v2\/users\/1"}],"replies":[{"embeddable":true,"href":"https:\/\/teadusjategu.ee\/index.php\/wp-json\/wp\/v2\/comments?post=983"}],"version-history":[{"count":1,"href":"https:\/\/teadusjategu.ee\/index.php\/wp-json\/wp\/v2\/pages\/983\/revisions"}],"predecessor-version":[{"id":984,"href":"https:\/\/teadusjategu.ee\/index.php\/wp-json\/wp\/v2\/pages\/983\/revisions\/984"}],"wp:attachment":[{"href":"https:\/\/teadusjategu.ee\/index.php\/wp-json\/wp\/v2\/media?parent=983"}],"curies":[{"name":"wp","href":"https:\/\/api.w.org\/{rel}","templated":true}]}}