{"id":905,"date":"2017-09-22T22:46:46","date_gmt":"2017-09-22T22:46:46","guid":{"rendered":"https:\/\/teadusjategu.ee\/?page_id=905"},"modified":"2021-03-16T10:45:35","modified_gmt":"2021-03-16T10:45:35","slug":"ternespiimapulbri-tellimine","status":"publish","type":"page","link":"https:\/\/teadusjategu.ee\/index.php\/et\/ternespiimapulbri-tellimine\/","title":{"rendered":"Ternespiimapulbri tellimine"},"content":{"rendered":"<div id=\"pl-905\"  class=\"panel-layout\" ><div id=\"pg-905-0\"  class=\"panel-grid panel-no-style\" ><div id=\"pgc-905-0-0\"  class=\"panel-grid-cell panel-grid-cell-empty\" ><\/div><div id=\"pgc-905-0-1\"  class=\"panel-grid-cell panel-grid-cell-empty panel-grid-cell-mobile-last\" ><\/div><div id=\"pgc-905-0-2\"  class=\"panel-grid-cell panel-grid-cell-empty\" ><\/div><\/div><div id=\"pg-905-1\"  class=\"panel-grid panel-no-style\" ><div id=\"pgc-905-1-0\"  class=\"panel-grid-cell panel-grid-cell-empty\" ><\/div><div id=\"pgc-905-1-1\"  class=\"panel-grid-cell panel-grid-cell-mobile-last\" ><div id=\"panel-905-1-1-0\" class=\"so-panel widget widget_black-studio-tinymce widget_black_studio_tinymce panel-first-child panel-last-child\" data-index=\"0\" ><div class=\"textwidget\"><h4 style=\"text-align: center;\">Tooted v\u00e4ljastatakse p\u00e4rast arve tasumist.\u00a0Kaubad saadame postiga (pakiautomaati, lisandub postituskulu), samuti on v\u00f5imalik nendele j\u00e4rgi tulla meie kontorisse.<\/h4>\n<h4>\u00a0<\/h4>\n<h4 style=\"text-align: center;\">Palume tellimisel\u00a0\u00e4ra m\u00e4rkida, millisest pakiautomaadist soovite toodet k\u00e4tte saada.<\/h4>\n<h4 style=\"text-align: center;\">Soovitame kasutada SmartPOSTi, pakiautomaatide asukohad leiate siit:\u00a0<\/h4>\n<h4 style=\"text-align: center;\"><span style=\"color: #003366;\"><a style=\"color: #003366;\" href=\"http:\/\/uus.smartpost.ee\/pakiautomaatide-asukohad\" target=\"_blank\" rel=\"noopener noreferrer\">http:\/\/uus.smartpost.ee\/pakiautomaatide-asukohad<\/a><\/span><\/h4>\n<\/div><\/div><\/div><div id=\"pgc-905-1-2\"  class=\"panel-grid-cell panel-grid-cell-empty\" ><\/div><\/div><div id=\"pg-905-2\"  class=\"panel-grid panel-no-style\" ><div id=\"pgc-905-2-0\"  class=\"panel-grid-cell panel-grid-cell-empty\" ><\/div><div id=\"pgc-905-2-1\"  class=\"panel-grid-cell\" ><div id=\"panel-905-2-1-0\" class=\"so-panel widget widget_black-studio-tinymce widget_black_studio_tinymce panel-first-child panel-last-child\" data-index=\"1\" ><div class=\"textwidget\"><h4 style=\"text-align: center;\">\n<div class=\"wpcf7 no-js\" id=\"wpcf7-f33-o1\" lang=\"en-US\" dir=\"ltr\">\n<div class=\"screen-reader-response\"><p role=\"status\" aria-live=\"polite\" aria-atomic=\"true\"><\/p> <ul><\/ul><\/div>\n<form action=\"\/index.php\/wp-json\/wp\/v2\/pages\/905#wpcf7-f33-o1\" method=\"post\" class=\"wpcf7-form init\" aria-label=\"Contact form\" novalidate=\"novalidate\" data-status=\"init\">\n<div style=\"display: none;\">\n<input type=\"hidden\" name=\"_wpcf7\" value=\"33\" \/>\n<input type=\"hidden\" name=\"_wpcf7_version\" value=\"5.8\" \/>\n<input type=\"hidden\" name=\"_wpcf7_locale\" value=\"en_US\" \/>\n<input type=\"hidden\" name=\"_wpcf7_unit_tag\" value=\"wpcf7-f33-o1\" \/>\n<input type=\"hidden\" name=\"_wpcf7_container_post\" value=\"0\" \/>\n<input type=\"hidden\" name=\"_wpcf7_posted_data_hash\" value=\"\" \/>\n<\/div>\n<p><label> Nimi (n\u00f5utav)<br \/>\n<span class=\"wpcf7-form-control-wrap\" data-name=\"your-name\"><input size=\"40\" class=\"wpcf7-form-control wpcf7-text wpcf7-validates-as-required\" aria-required=\"true\" aria-invalid=\"false\" value=\"\" type=\"text\" name=\"your-name\" \/><\/span> <\/label>\n<\/p>\n<p><label> E-mail (n\u00f5utav)<br \/>\n<span class=\"wpcf7-form-control-wrap\" data-name=\"your-email\"><input size=\"40\" class=\"wpcf7-form-control wpcf7-email wpcf7-validates-as-required wpcf7-text wpcf7-validates-as-email\" aria-required=\"true\" aria-invalid=\"false\" value=\"\" type=\"email\" name=\"your-email\" \/><\/span> <\/label>\n<\/p>\n<p><label> Telefon (n\u00f5utav)<br \/>\n<span class=\"wpcf7-form-control-wrap\" data-name=\"your-tel\"><input size=\"40\" class=\"wpcf7-form-control wpcf7-text wpcf7-validates-as-required\" aria-required=\"true\" aria-invalid=\"false\" value=\"\" type=\"text\" name=\"your-tel\" \/><\/span> <\/label>\n<\/p>\n<p><label> Teema<br \/>\n<span class=\"wpcf7-form-control-wrap\" data-name=\"your-subject\"><input size=\"40\" class=\"wpcf7-form-control wpcf7-text\" aria-invalid=\"false\" value=\"\" type=\"text\" name=\"your-subject\" \/><\/span> <\/label>\n<\/p>\n<p><label> S\u00f5num<br \/>\n<span class=\"wpcf7-form-control-wrap\" data-name=\"your-message\"><textarea cols=\"40\" rows=\"10\" class=\"wpcf7-form-control wpcf7-textarea\" aria-invalid=\"false\" name=\"your-message\"><\/textarea><\/span> <\/label>\n<\/p>\n<p><input class=\"wpcf7-form-control wpcf7-submit has-spinner\" type=\"submit\" value=\"Saada\" \/>\n<\/p><div class=\"wpcf7-response-output\" aria-hidden=\"true\"><\/div>\n<\/form>\n<\/div>\n<\/h4>\n<\/div><\/div><\/div><div id=\"pgc-905-2-2\"  class=\"panel-grid-cell panel-grid-cell-empty\" ><\/div><div id=\"pgc-905-2-3\"  class=\"panel-grid-cell panel-grid-cell-mobile-last\" ><div id=\"panel-905-2-3-0\" class=\"so-panel widget widget_black-studio-tinymce widget_black_studio_tinymce panel-first-child panel-last-child\" data-index=\"2\" ><div class=\"textwidget\"><h5><span class=\"\" style=\"display:block;clear:both;height: 0px;padding-top: 40px;border-top-width:0px;border-bottom-width:0px;\"><\/span><\/h5>\n<h5>Teadus ja Tegu O\u00dc<\/h5>\n<h5>Aretuse 2, M\u00e4rja,<\/h5>\n<h5>Tartumaa, 61406, Eesti<\/h5>\n<p>\u00a0<\/p>\n<h5>telefon: +372 505 7038<\/h5>\n<h5>e-mail:\u00a0<span style=\"color: #000080;\"><a style=\"color: #000080;\" href=\"mailto:info@teadusjategu.ee\">info@teadusjategu.ee<\/a><\/span><\/h5>\n<\/div><\/div><\/div><div id=\"pgc-905-2-4\"  class=\"panel-grid-cell panel-grid-cell-empty\" ><\/div><\/div><div id=\"pg-905-3\"  class=\"panel-grid panel-has-style\" ><div class=\"siteorigin-panels-stretch panel-row-style panel-row-style-for-905-3\" data-stretch-type=\"full\" ><div id=\"pgc-905-3-0\"  class=\"panel-grid-cell\" ><div id=\"panel-905-3-0-0\" class=\"so-panel widget widget_black-studio-tinymce widget_black_studio_tinymce panel-first-child panel-last-child\" data-index=\"3\" ><div class=\"textwidget\"><p style=\"text-align: center;\"><img loading=\"lazy\" decoding=\"async\" class=\"alignnone wp-image-915\" src=\"https:\/\/teadusjategu.ee\/wp-content\/uploads\/2017\/09\/ternespiim_tellimine-1024x416.jpg\" alt=\"\" width=\"800\" height=\"325\" srcset=\"https:\/\/teadusjategu.ee\/wp-content\/uploads\/2017\/09\/ternespiim_tellimine-1024x416.jpg 1024w, https:\/\/teadusjategu.ee\/wp-content\/uploads\/2017\/09\/ternespiim_tellimine-300x122.jpg 300w, https:\/\/teadusjategu.ee\/wp-content\/uploads\/2017\/09\/ternespiim_tellimine-768x312.jpg 768w, https:\/\/teadusjategu.ee\/wp-content\/uploads\/2017\/09\/ternespiim_tellimine.jpg 2000w\" sizes=\"auto, (max-width: 800px) 100vw, 800px\" \/><\/p>\n<\/div><\/div><\/div><\/div><\/div><\/div>","protected":false},"excerpt":{"rendered":"<p>Tooted v\u00e4ljastatakse p\u00e4rast arve tasumist.\u00a0Kaubad saadame postiga (pakiautomaati, lisandub postituskulu), samuti on v\u00f5imalik nendele j\u00e4rgi tulla meie kontorisse.\u00a0Palume tellimisel\u00a0\u00e4ra m\u00e4rkida, millisest pakiautomaadist soovite toodet k\u00e4tte saada.Soovitame kasutada SmartPOSTi, pakiautomaatide asukohad leiate siit:\u00a0http:\/\/uus.smartpost.ee\/pakiautomaatide-asukohad<\/p>\n","protected":false},"author":1,"featured_media":0,"parent":0,"menu_order":0,"comment_status":"closed","ping_status":"closed","template":"","meta":{"footnotes":""},"class_list":["post-905","page","type-page","status-publish","hentry"],"yoast_head":"<!-- This site is optimized with the Yoast SEO plugin v21.2 - https:\/\/yoast.com\/wordpress\/plugins\/seo\/ -->\n<title>Ternespiimapulbri tellimine - Teadus ja Tegu<\/title>\n<meta name=\"robots\" content=\"index, follow, max-snippet:-1, max-image-preview:large, max-video-preview:-1\" \/>\n<link rel=\"canonical\" href=\"https:\/\/teadusjategu.ee\/index.php\/et\/ternespiimapulbri-tellimine\/\" \/>\n<meta property=\"og:locale\" content=\"et_EE\" \/>\n<meta property=\"og:type\" content=\"article\" \/>\n<meta property=\"og:title\" content=\"Ternespiimapulbri tellimine - Teadus ja Tegu\" \/>\n<meta property=\"og:description\" content=\"Tooted v\u00e4ljastatakse p\u00e4rast arve tasumist.\u00a0Kaubad saadame postiga (pakiautomaati, lisandub postituskulu), samuti on v\u00f5imalik nendele j\u00e4rgi tulla meie kontorisse.\u00a0Palume tellimisel\u00a0\u00e4ra m\u00e4rkida, millisest pakiautomaadist soovite toodet k\u00e4tte saada.Soovitame kasutada SmartPOSTi, pakiautomaatide asukohad leiate siit:\u00a0http:\/\/uus.smartpost.ee\/pakiautomaatide-asukohad\" \/>\n<meta property=\"og:url\" content=\"https:\/\/teadusjategu.ee\/index.php\/et\/ternespiimapulbri-tellimine\/\" \/>\n<meta property=\"og:site_name\" content=\"Teadus ja Tegu\" \/>\n<meta property=\"article:modified_time\" content=\"2021-03-16T10:45:35+00:00\" \/>\n<meta property=\"og:image\" content=\"https:\/\/teadusjategu.ee\/wp-content\/uploads\/2017\/09\/ternespiim_tellimine-1024x416.jpg\" \/>\n<meta name=\"twitter:card\" content=\"summary_large_image\" \/>\n<script type=\"application\/ld+json\" class=\"yoast-schema-graph\">{\"@context\":\"https:\/\/schema.org\",\"@graph\":[{\"@type\":\"WebPage\",\"@id\":\"https:\/\/teadusjategu.ee\/index.php\/et\/ternespiimapulbri-tellimine\/\",\"url\":\"https:\/\/teadusjategu.ee\/index.php\/et\/ternespiimapulbri-tellimine\/\",\"name\":\"Ternespiimapulbri tellimine - Teadus ja Tegu\",\"isPartOf\":{\"@id\":\"https:\/\/teadusjategu.ee\/#website\"},\"datePublished\":\"2017-09-22T22:46:46+00:00\",\"dateModified\":\"2021-03-16T10:45:35+00:00\",\"breadcrumb\":{\"@id\":\"https:\/\/teadusjategu.ee\/index.php\/et\/ternespiimapulbri-tellimine\/#breadcrumb\"},\"inLanguage\":\"et\",\"potentialAction\":[{\"@type\":\"ReadAction\",\"target\":[\"https:\/\/teadusjategu.ee\/index.php\/et\/ternespiimapulbri-tellimine\/\"]}]},{\"@type\":\"BreadcrumbList\",\"@id\":\"https:\/\/teadusjategu.ee\/index.php\/et\/ternespiimapulbri-tellimine\/#breadcrumb\",\"itemListElement\":[{\"@type\":\"ListItem\",\"position\":1,\"name\":\"Home\",\"item\":\"https:\/\/teadusjategu.ee\/index.php\/et\/esileht\/\"},{\"@type\":\"ListItem\",\"position\":2,\"name\":\"Ternespiimapulbri tellimine\"}]},{\"@type\":\"WebSite\",\"@id\":\"https:\/\/teadusjategu.ee\/#website\",\"url\":\"https:\/\/teadusjategu.ee\/\",\"name\":\"Teadus ja Tegu\",\"description\":\"Teadus ja Tegu O\u00dc veebileht\",\"publisher\":{\"@id\":\"https:\/\/teadusjategu.ee\/#organization\"},\"potentialAction\":[{\"@type\":\"SearchAction\",\"target\":{\"@type\":\"EntryPoint\",\"urlTemplate\":\"https:\/\/teadusjategu.ee\/?s={search_term_string}\"},\"query-input\":\"required name=search_term_string\"}],\"inLanguage\":\"et\"},{\"@type\":\"Organization\",\"@id\":\"https:\/\/teadusjategu.ee\/#organization\",\"name\":\"Teadus ja Tegu\",\"url\":\"https:\/\/teadusjategu.ee\/\",\"logo\":{\"@type\":\"ImageObject\",\"inLanguage\":\"et\",\"@id\":\"https:\/\/teadusjategu.ee\/#\/schema\/logo\/image\/\",\"url\":\"https:\/\/teadusjategu.ee\/wp-content\/uploads\/2017\/01\/cropped-TT4.png\",\"contentUrl\":\"https:\/\/teadusjategu.ee\/wp-content\/uploads\/2017\/01\/cropped-TT4.png\",\"width\":300,\"height\":60,\"caption\":\"Teadus ja Tegu\"},\"image\":{\"@id\":\"https:\/\/teadusjategu.ee\/#\/schema\/logo\/image\/\"}}]}<\/script>\n<!-- \/ Yoast SEO plugin. -->","yoast_head_json":{"title":"Ternespiimapulbri tellimine - Teadus ja Tegu","robots":{"index":"index","follow":"follow","max-snippet":"max-snippet:-1","max-image-preview":"max-image-preview:large","max-video-preview":"max-video-preview:-1"},"canonical":"https:\/\/teadusjategu.ee\/index.php\/et\/ternespiimapulbri-tellimine\/","og_locale":"et_EE","og_type":"article","og_title":"Ternespiimapulbri tellimine - Teadus ja Tegu","og_description":"Tooted v\u00e4ljastatakse p\u00e4rast arve tasumist.\u00a0Kaubad saadame postiga (pakiautomaati, lisandub postituskulu), samuti on v\u00f5imalik nendele j\u00e4rgi tulla meie kontorisse.\u00a0Palume tellimisel\u00a0\u00e4ra m\u00e4rkida, millisest pakiautomaadist soovite toodet k\u00e4tte saada.Soovitame kasutada SmartPOSTi, pakiautomaatide asukohad leiate siit:\u00a0http:\/\/uus.smartpost.ee\/pakiautomaatide-asukohad","og_url":"https:\/\/teadusjategu.ee\/index.php\/et\/ternespiimapulbri-tellimine\/","og_site_name":"Teadus ja Tegu","article_modified_time":"2021-03-16T10:45:35+00:00","og_image":[{"url":"https:\/\/teadusjategu.ee\/wp-content\/uploads\/2017\/09\/ternespiim_tellimine-1024x416.jpg"}],"twitter_card":"summary_large_image","schema":{"@context":"https:\/\/schema.org","@graph":[{"@type":"WebPage","@id":"https:\/\/teadusjategu.ee\/index.php\/et\/ternespiimapulbri-tellimine\/","url":"https:\/\/teadusjategu.ee\/index.php\/et\/ternespiimapulbri-tellimine\/","name":"Ternespiimapulbri tellimine - Teadus ja Tegu","isPartOf":{"@id":"https:\/\/teadusjategu.ee\/#website"},"datePublished":"2017-09-22T22:46:46+00:00","dateModified":"2021-03-16T10:45:35+00:00","breadcrumb":{"@id":"https:\/\/teadusjategu.ee\/index.php\/et\/ternespiimapulbri-tellimine\/#breadcrumb"},"inLanguage":"et","potentialAction":[{"@type":"ReadAction","target":["https:\/\/teadusjategu.ee\/index.php\/et\/ternespiimapulbri-tellimine\/"]}]},{"@type":"BreadcrumbList","@id":"https:\/\/teadusjategu.ee\/index.php\/et\/ternespiimapulbri-tellimine\/#breadcrumb","itemListElement":[{"@type":"ListItem","position":1,"name":"Home","item":"https:\/\/teadusjategu.ee\/index.php\/et\/esileht\/"},{"@type":"ListItem","position":2,"name":"Ternespiimapulbri tellimine"}]},{"@type":"WebSite","@id":"https:\/\/teadusjategu.ee\/#website","url":"https:\/\/teadusjategu.ee\/","name":"Teadus ja Tegu","description":"Teadus ja Tegu O\u00dc veebileht","publisher":{"@id":"https:\/\/teadusjategu.ee\/#organization"},"potentialAction":[{"@type":"SearchAction","target":{"@type":"EntryPoint","urlTemplate":"https:\/\/teadusjategu.ee\/?s={search_term_string}"},"query-input":"required name=search_term_string"}],"inLanguage":"et"},{"@type":"Organization","@id":"https:\/\/teadusjategu.ee\/#organization","name":"Teadus ja Tegu","url":"https:\/\/teadusjategu.ee\/","logo":{"@type":"ImageObject","inLanguage":"et","@id":"https:\/\/teadusjategu.ee\/#\/schema\/logo\/image\/","url":"https:\/\/teadusjategu.ee\/wp-content\/uploads\/2017\/01\/cropped-TT4.png","contentUrl":"https:\/\/teadusjategu.ee\/wp-content\/uploads\/2017\/01\/cropped-TT4.png","width":300,"height":60,"caption":"Teadus ja Tegu"},"image":{"@id":"https:\/\/teadusjategu.ee\/#\/schema\/logo\/image\/"}}]}},"_links":{"self":[{"href":"https:\/\/teadusjategu.ee\/index.php\/wp-json\/wp\/v2\/pages\/905","targetHints":{"allow":["GET"]}}],"collection":[{"href":"https:\/\/teadusjategu.ee\/index.php\/wp-json\/wp\/v2\/pages"}],"about":[{"href":"https:\/\/teadusjategu.ee\/index.php\/wp-json\/wp\/v2\/types\/page"}],"author":[{"embeddable":true,"href":"https:\/\/teadusjategu.ee\/index.php\/wp-json\/wp\/v2\/users\/1"}],"replies":[{"embeddable":true,"href":"https:\/\/teadusjategu.ee\/index.php\/wp-json\/wp\/v2\/comments?post=905"}],"version-history":[{"count":5,"href":"https:\/\/teadusjategu.ee\/index.php\/wp-json\/wp\/v2\/pages\/905\/revisions"}],"predecessor-version":[{"id":1160,"href":"https:\/\/teadusjategu.ee\/index.php\/wp-json\/wp\/v2\/pages\/905\/revisions\/1160"}],"wp:attachment":[{"href":"https:\/\/teadusjategu.ee\/index.php\/wp-json\/wp\/v2\/media?parent=905"}],"curies":[{"name":"wp","href":"https:\/\/api.w.org\/{rel}","templated":true}]}}