{"id":1165,"date":"2021-08-24T15:09:05","date_gmt":"2021-08-24T15:09:05","guid":{"rendered":"https:\/\/teadusjategu.ee\/?page_id=1165"},"modified":"2021-08-24T15:10:33","modified_gmt":"2021-08-24T15:10:33","slug":"leader-projekt","status":"publish","type":"page","link":"https:\/\/teadusjategu.ee\/index.php\/et\/leader-projekt\/","title":{"rendered":"Ternespiimapulbri tootmisseadmete hange ja rakendamine"},"content":{"rendered":"<div id=\"pl-1165\"  class=\"panel-layout\" ><div id=\"pg-1165-0\"  class=\"panel-grid panel-no-style\" ><div id=\"pgc-1165-0-0\"  class=\"panel-grid-cell panel-grid-cell-empty\" ><\/div><div id=\"pgc-1165-0-1\"  class=\"panel-grid-cell panel-grid-cell-mobile-last\" ><div id=\"panel-1165-0-1-0\" class=\"so-panel widget widget_black-studio-tinymce widget_black_studio_tinymce panel-first-child\" data-index=\"0\" ><div class=\"textwidget\"><p><img loading=\"lazy\" decoding=\"async\" class=\"alignnone size-large wp-image-1076\" src=\"https:\/\/teadusjategu.ee\/wp-content\/uploads\/2019\/02\/leader-2014-kleebis-veeb-h-w-col-1024x287.jpg\" alt=\"\" width=\"1024\" height=\"287\" srcset=\"https:\/\/teadusjategu.ee\/wp-content\/uploads\/2019\/02\/leader-2014-kleebis-veeb-h-w-col-1024x287.jpg 1024w, https:\/\/teadusjategu.ee\/wp-content\/uploads\/2019\/02\/leader-2014-kleebis-veeb-h-w-col-300x84.jpg 300w, https:\/\/teadusjategu.ee\/wp-content\/uploads\/2019\/02\/leader-2014-kleebis-veeb-h-w-col-768x215.jpg 768w, https:\/\/teadusjategu.ee\/wp-content\/uploads\/2019\/02\/leader-2014-kleebis-veeb-h-w-col-600x168.jpg 600w, https:\/\/teadusjategu.ee\/wp-content\/uploads\/2019\/02\/leader-2014-kleebis-veeb-h-w-col.jpg 1181w\" sizes=\"auto, (max-width: 1024px) 100vw, 1024px\" \/><\/p>\n<\/div><\/div><div id=\"panel-1165-0-1-1\" class=\"so-panel widget widget_black-studio-tinymce widget_black_studio_tinymce\" data-index=\"1\" ><div class=\"textwidget\"><p>Ternespiima v\u00e4\u00e4rindamiseks ning ternespiimapulbri tootmisseadmete hankeks ja rakendamiseks l\u00e4biviidud projekti toetas Tartumaa Arendusselts, LEADER meede 19.2<\/p>\n<\/div><\/div><div id=\"panel-1165-0-1-2\" class=\"so-panel widget widget_black-studio-tinymce widget_black_studio_tinymce panel-last-child\" data-index=\"2\" ><div class=\"textwidget\"><p><img loading=\"lazy\" decoding=\"async\" class=\"alignnone  wp-image-1069\" src=\"https:\/\/teadusjategu.ee\/wp-content\/uploads\/2019\/02\/image2-1024x768.jpeg\" alt=\"\" width=\"801\" height=\"601\" srcset=\"https:\/\/teadusjategu.ee\/wp-content\/uploads\/2019\/02\/image2-1024x768.jpeg 1024w, https:\/\/teadusjategu.ee\/wp-content\/uploads\/2019\/02\/image2-300x225.jpeg 300w, https:\/\/teadusjategu.ee\/wp-content\/uploads\/2019\/02\/image2-768x576.jpeg 768w, https:\/\/teadusjategu.ee\/wp-content\/uploads\/2019\/02\/image2-600x450.jpeg 600w, https:\/\/teadusjategu.ee\/wp-content\/uploads\/2019\/02\/image2.jpeg 1210w\" sizes=\"auto, (max-width: 801px) 100vw, 801px\" \/><\/p>\n<\/div><\/div><\/div><div id=\"pgc-1165-0-2\"  class=\"panel-grid-cell panel-grid-cell-empty\" ><\/div><\/div><\/div>","protected":false},"excerpt":{"rendered":"<p>Ternespiima v\u00e4\u00e4rindamiseks ning ternespiimapulbri tootmisseadmete hankeks ja rakendamiseks l\u00e4biviidud projekti toetas Tartumaa Arendusselts, LEADER meede 19.2<\/p>\n","protected":false},"author":1,"featured_media":0,"parent":0,"menu_order":0,"comment_status":"closed","ping_status":"closed","template":"","meta":{"footnotes":""},"class_list":["post-1165","page","type-page","status-publish","hentry"],"yoast_head":"<!-- This site is optimized with the Yoast SEO plugin v21.2 - https:\/\/yoast.com\/wordpress\/plugins\/seo\/ -->\n<title>Ternespiimapulbri tootmisseadmete hange ja rakendamine - Teadus ja Tegu<\/title>\n<meta name=\"robots\" content=\"index, follow, max-snippet:-1, max-image-preview:large, max-video-preview:-1\" \/>\n<link rel=\"canonical\" href=\"https:\/\/teadusjategu.ee\/index.php\/et\/leader-projekt\/\" \/>\n<meta property=\"og:locale\" content=\"et_EE\" \/>\n<meta property=\"og:type\" content=\"article\" \/>\n<meta property=\"og:title\" content=\"Ternespiimapulbri tootmisseadmete hange ja rakendamine - Teadus ja Tegu\" \/>\n<meta property=\"og:description\" content=\"Ternespiima v\u00e4\u00e4rindamiseks ning ternespiimapulbri tootmisseadmete hankeks ja rakendamiseks l\u00e4biviidud projekti toetas Tartumaa Arendusselts, LEADER meede 19.2\" \/>\n<meta property=\"og:url\" content=\"https:\/\/teadusjategu.ee\/index.php\/et\/leader-projekt\/\" \/>\n<meta property=\"og:site_name\" content=\"Teadus ja Tegu\" \/>\n<meta property=\"article:modified_time\" content=\"2021-08-24T15:10:33+00:00\" \/>\n<meta property=\"og:image\" content=\"https:\/\/teadusjategu.ee\/wp-content\/uploads\/2019\/02\/leader-2014-kleebis-veeb-h-w-col-1024x287.jpg\" \/>\n<meta name=\"twitter:card\" content=\"summary_large_image\" \/>\n<script type=\"application\/ld+json\" class=\"yoast-schema-graph\">{\"@context\":\"https:\/\/schema.org\",\"@graph\":[{\"@type\":\"WebPage\",\"@id\":\"https:\/\/teadusjategu.ee\/index.php\/et\/leader-projekt\/\",\"url\":\"https:\/\/teadusjategu.ee\/index.php\/et\/leader-projekt\/\",\"name\":\"Ternespiimapulbri tootmisseadmete hange ja rakendamine - Teadus ja Tegu\",\"isPartOf\":{\"@id\":\"https:\/\/teadusjategu.ee\/#website\"},\"datePublished\":\"2021-08-24T15:09:05+00:00\",\"dateModified\":\"2021-08-24T15:10:33+00:00\",\"breadcrumb\":{\"@id\":\"https:\/\/teadusjategu.ee\/index.php\/et\/leader-projekt\/#breadcrumb\"},\"inLanguage\":\"et\",\"potentialAction\":[{\"@type\":\"ReadAction\",\"target\":[\"https:\/\/teadusjategu.ee\/index.php\/et\/leader-projekt\/\"]}]},{\"@type\":\"BreadcrumbList\",\"@id\":\"https:\/\/teadusjategu.ee\/index.php\/et\/leader-projekt\/#breadcrumb\",\"itemListElement\":[{\"@type\":\"ListItem\",\"position\":1,\"name\":\"Home\",\"item\":\"https:\/\/teadusjategu.ee\/index.php\/et\/esileht\/\"},{\"@type\":\"ListItem\",\"position\":2,\"name\":\"Ternespiimapulbri tootmisseadmete hange ja rakendamine\"}]},{\"@type\":\"WebSite\",\"@id\":\"https:\/\/teadusjategu.ee\/#website\",\"url\":\"https:\/\/teadusjategu.ee\/\",\"name\":\"Teadus ja Tegu\",\"description\":\"Teadus ja Tegu O\u00dc veebileht\",\"publisher\":{\"@id\":\"https:\/\/teadusjategu.ee\/#organization\"},\"potentialAction\":[{\"@type\":\"SearchAction\",\"target\":{\"@type\":\"EntryPoint\",\"urlTemplate\":\"https:\/\/teadusjategu.ee\/?s={search_term_string}\"},\"query-input\":\"required name=search_term_string\"}],\"inLanguage\":\"et\"},{\"@type\":\"Organization\",\"@id\":\"https:\/\/teadusjategu.ee\/#organization\",\"name\":\"Teadus ja Tegu\",\"url\":\"https:\/\/teadusjategu.ee\/\",\"logo\":{\"@type\":\"ImageObject\",\"inLanguage\":\"et\",\"@id\":\"https:\/\/teadusjategu.ee\/#\/schema\/logo\/image\/\",\"url\":\"https:\/\/teadusjategu.ee\/wp-content\/uploads\/2017\/01\/cropped-TT4.png\",\"contentUrl\":\"https:\/\/teadusjategu.ee\/wp-content\/uploads\/2017\/01\/cropped-TT4.png\",\"width\":300,\"height\":60,\"caption\":\"Teadus ja Tegu\"},\"image\":{\"@id\":\"https:\/\/teadusjategu.ee\/#\/schema\/logo\/image\/\"}}]}<\/script>\n<!-- \/ Yoast SEO plugin. -->","yoast_head_json":{"title":"Ternespiimapulbri tootmisseadmete hange ja rakendamine - Teadus ja Tegu","robots":{"index":"index","follow":"follow","max-snippet":"max-snippet:-1","max-image-preview":"max-image-preview:large","max-video-preview":"max-video-preview:-1"},"canonical":"https:\/\/teadusjategu.ee\/index.php\/et\/leader-projekt\/","og_locale":"et_EE","og_type":"article","og_title":"Ternespiimapulbri tootmisseadmete hange ja rakendamine - Teadus ja Tegu","og_description":"Ternespiima v\u00e4\u00e4rindamiseks ning ternespiimapulbri tootmisseadmete hankeks ja rakendamiseks l\u00e4biviidud projekti toetas Tartumaa Arendusselts, LEADER meede 19.2","og_url":"https:\/\/teadusjategu.ee\/index.php\/et\/leader-projekt\/","og_site_name":"Teadus ja Tegu","article_modified_time":"2021-08-24T15:10:33+00:00","og_image":[{"url":"https:\/\/teadusjategu.ee\/wp-content\/uploads\/2019\/02\/leader-2014-kleebis-veeb-h-w-col-1024x287.jpg"}],"twitter_card":"summary_large_image","schema":{"@context":"https:\/\/schema.org","@graph":[{"@type":"WebPage","@id":"https:\/\/teadusjategu.ee\/index.php\/et\/leader-projekt\/","url":"https:\/\/teadusjategu.ee\/index.php\/et\/leader-projekt\/","name":"Ternespiimapulbri tootmisseadmete hange ja rakendamine - Teadus ja Tegu","isPartOf":{"@id":"https:\/\/teadusjategu.ee\/#website"},"datePublished":"2021-08-24T15:09:05+00:00","dateModified":"2021-08-24T15:10:33+00:00","breadcrumb":{"@id":"https:\/\/teadusjategu.ee\/index.php\/et\/leader-projekt\/#breadcrumb"},"inLanguage":"et","potentialAction":[{"@type":"ReadAction","target":["https:\/\/teadusjategu.ee\/index.php\/et\/leader-projekt\/"]}]},{"@type":"BreadcrumbList","@id":"https:\/\/teadusjategu.ee\/index.php\/et\/leader-projekt\/#breadcrumb","itemListElement":[{"@type":"ListItem","position":1,"name":"Home","item":"https:\/\/teadusjategu.ee\/index.php\/et\/esileht\/"},{"@type":"ListItem","position":2,"name":"Ternespiimapulbri tootmisseadmete hange ja rakendamine"}]},{"@type":"WebSite","@id":"https:\/\/teadusjategu.ee\/#website","url":"https:\/\/teadusjategu.ee\/","name":"Teadus ja Tegu","description":"Teadus ja Tegu O\u00dc veebileht","publisher":{"@id":"https:\/\/teadusjategu.ee\/#organization"},"potentialAction":[{"@type":"SearchAction","target":{"@type":"EntryPoint","urlTemplate":"https:\/\/teadusjategu.ee\/?s={search_term_string}"},"query-input":"required name=search_term_string"}],"inLanguage":"et"},{"@type":"Organization","@id":"https:\/\/teadusjategu.ee\/#organization","name":"Teadus ja Tegu","url":"https:\/\/teadusjategu.ee\/","logo":{"@type":"ImageObject","inLanguage":"et","@id":"https:\/\/teadusjategu.ee\/#\/schema\/logo\/image\/","url":"https:\/\/teadusjategu.ee\/wp-content\/uploads\/2017\/01\/cropped-TT4.png","contentUrl":"https:\/\/teadusjategu.ee\/wp-content\/uploads\/2017\/01\/cropped-TT4.png","width":300,"height":60,"caption":"Teadus ja Tegu"},"image":{"@id":"https:\/\/teadusjategu.ee\/#\/schema\/logo\/image\/"}}]}},"_links":{"self":[{"href":"https:\/\/teadusjategu.ee\/index.php\/wp-json\/wp\/v2\/pages\/1165","targetHints":{"allow":["GET"]}}],"collection":[{"href":"https:\/\/teadusjategu.ee\/index.php\/wp-json\/wp\/v2\/pages"}],"about":[{"href":"https:\/\/teadusjategu.ee\/index.php\/wp-json\/wp\/v2\/types\/page"}],"author":[{"embeddable":true,"href":"https:\/\/teadusjategu.ee\/index.php\/wp-json\/wp\/v2\/users\/1"}],"replies":[{"embeddable":true,"href":"https:\/\/teadusjategu.ee\/index.php\/wp-json\/wp\/v2\/comments?post=1165"}],"version-history":[{"count":5,"href":"https:\/\/teadusjategu.ee\/index.php\/wp-json\/wp\/v2\/pages\/1165\/revisions"}],"predecessor-version":[{"id":1170,"href":"https:\/\/teadusjategu.ee\/index.php\/wp-json\/wp\/v2\/pages\/1165\/revisions\/1170"}],"wp:attachment":[{"href":"https:\/\/teadusjategu.ee\/index.php\/wp-json\/wp\/v2\/media?parent=1165"}],"curies":[{"name":"wp","href":"https:\/\/api.w.org\/{rel}","templated":true}]}}