{"id":111,"date":"2017-01-01T20:46:16","date_gmt":"2017-01-01T20:46:16","guid":{"rendered":"https:\/\/teadusjategu.ee\/?page_id=111"},"modified":"2017-03-01T13:58:05","modified_gmt":"2017-03-01T13:58:05","slug":"kontakt","status":"publish","type":"page","link":"https:\/\/teadusjategu.ee\/index.php\/et\/kontakt\/","title":{"rendered":"Kontakt"},"content":{"rendered":"<div id=\"pl-111\"  class=\"panel-layout\" ><div id=\"pg-111-0\"  class=\"panel-grid panel-has-style\" ><div class=\"siteorigin-panels-stretch panel-row-style panel-row-style-for-111-0\" data-stretch-type=\"full\" ><div id=\"pgc-111-0-0\"  class=\"panel-grid-cell\" ><div id=\"panel-111-0-0-0\" class=\"so-panel widget widget_black-studio-tinymce widget_black_studio_tinymce panel-first-child panel-last-child\" data-index=\"0\" ><div class=\"textwidget\"><h5 style=\"text-align: center;\"><img loading=\"lazy\" decoding=\"async\" class=\"alignnone  wp-image-674\" src=\"https:\/\/teadusjategu.ee\/wp-content\/uploads\/2017\/02\/Asukoht-cropped-1024x310.jpg\" alt=\"\" width=\"822\" height=\"249\" srcset=\"https:\/\/teadusjategu.ee\/wp-content\/uploads\/2017\/02\/Asukoht-cropped-1024x310.jpg 1024w, https:\/\/teadusjategu.ee\/wp-content\/uploads\/2017\/02\/Asukoht-cropped-300x91.jpg 300w, https:\/\/teadusjategu.ee\/wp-content\/uploads\/2017\/02\/Asukoht-cropped-768x233.jpg 768w\" sizes=\"auto, (max-width: 822px) 100vw, 822px\" \/><\/h5>\n<p><span class=\"\" style=\"display:block;clear:both;height: 0px;padding-top: 10px;border-top-width:0px;border-bottom-width:0px;\"><\/span><\/p>\n<h5 style=\"text-align: center;\">Teadus ja Tegu O\u00dc<\/h5>\n<h6 style=\"text-align: center;\">Aretuse 2, M\u00e4rja,<\/h6>\n<h6 style=\"text-align: center;\">Tartumaa, 61406, Eesti<\/h6>\n<h5 style=\"text-align: center;\"><span style=\"color: #000080;\"><a style=\"color: #000080;\" href=\"mailto:info@teadusjategu.ee\">info@teadusjategu.ee<\/a><\/span><\/h5>\n<p style=\"text-align: center;\"><span class=\"\" style=\"display:block;clear:both;height: 0px;padding-top: 20px;border-top-width:0px;border-bottom-width:0px;\"><\/span><\/p>\n<\/div><\/div><\/div><\/div><\/div><div id=\"pg-111-1\"  class=\"panel-grid panel-has-style\" ><div class=\"siteorigin-panels-stretch panel-row-style panel-row-style-for-111-1\" data-stretch-type=\"full\" ><div id=\"pgc-111-1-0\"  class=\"panel-grid-cell\" ><div id=\"panel-111-1-0-0\" class=\"so-panel widget widget_black-studio-tinymce widget_black_studio_tinymce panel-first-child panel-last-child\" data-index=\"1\" ><div class=\"textwidget\"><\/div><\/div><\/div><div id=\"pgc-111-1-1\"  class=\"panel-grid-cell\" ><div id=\"panel-111-1-1-0\" class=\"so-panel widget widget_black-studio-tinymce widget_black_studio_tinymce panel-first-child panel-last-child\" data-index=\"2\" ><div class=\"textwidget\"><h5>T\u00f6\u00f6tajad:<\/h5>\n<h6>\u00a0<\/h6>\n<h5>V\u00e4ino Poikalainen<\/h5>\n<h5><span style=\"color: #000080;\">v<a style=\"color: #000080;\" href=\"mailto:Vaino.poikalainen@teadusjategu.ee\">aino.poikalainen@teadusjategu.ee<\/a><\/span><\/h5>\n<h5>+372\u00a0503 1155<\/h5>\n<h6>\u00a0<\/h6>\n<h5>Lembit Lepasalu<\/h5>\n<h5><span style=\"color: #000080;\">l<a style=\"color: #000080;\" href=\"mailto:Lembit.Lepasalu@teadusjategu.ee\">embit.lepasalu@teadusjategu.ee<\/a><\/span><\/h5>\n<h5>+372\u00a0505 7038<\/h5>\n<h6>\u00a0<\/h6>\n<h5>Aarne P\u00f5ldvere<\/h5>\n<h5><span style=\"color: #000080;\">a<a style=\"color: #000080;\" href=\"mailto:Aarne.poldvere@teadusjategu.ee\">arne.poldvere@teadusjategu.ee<\/a><\/span><\/h5>\n<h5>+372\u00a0525 3420<\/h5>\n<\/div><\/div><\/div><div id=\"pgc-111-1-2\"  class=\"panel-grid-cell\" ><div id=\"panel-111-1-2-0\" class=\"so-panel widget widget_black-studio-tinymce widget_black_studio_tinymce panel-first-child panel-last-child\" data-index=\"3\" ><div class=\"textwidget\"><\/div><\/div><\/div><\/div><\/div><\/div>","protected":false},"excerpt":{"rendered":"<p>Teadus ja Tegu O\u00dcAretuse 2, M\u00e4rja,Tartumaa, 61406, Eestiinfo@teadusjategu.ee T\u00f6\u00f6tajad:\u00a0V\u00e4ino Poikalainenvaino.poikalainen@teadusjategu.ee+372\u00a0503 1155\u00a0Lembit Lepasalulembit.lepasalu@teadusjategu.ee+372\u00a0505 7038\u00a0Aarne P\u00f5ldvereaarne.poldvere@teadusjategu.ee+372\u00a0525 3420<\/p>\n","protected":false},"author":1,"featured_media":0,"parent":0,"menu_order":0,"comment_status":"closed","ping_status":"closed","template":"","meta":{"footnotes":""},"class_list":["post-111","page","type-page","status-publish","hentry"],"yoast_head":"<!-- This site is optimized with the Yoast SEO plugin v21.2 - https:\/\/yoast.com\/wordpress\/plugins\/seo\/ -->\n<title>Kontakt - Teadus ja Tegu<\/title>\n<meta name=\"robots\" content=\"index, follow, max-snippet:-1, max-image-preview:large, max-video-preview:-1\" \/>\n<link rel=\"canonical\" href=\"https:\/\/teadusjategu.ee\/index.php\/et\/kontakt\/\" \/>\n<meta property=\"og:locale\" content=\"et_EE\" \/>\n<meta property=\"og:type\" content=\"article\" \/>\n<meta property=\"og:title\" content=\"Kontakt - Teadus ja Tegu\" \/>\n<meta property=\"og:description\" content=\"Teadus ja Tegu O\u00dcAretuse 2, M\u00e4rja,Tartumaa, 61406, Eestiinfo@teadusjategu.ee T\u00f6\u00f6tajad:\u00a0V\u00e4ino Poikalainenvaino.poikalainen@teadusjategu.ee+372\u00a0503 1155\u00a0Lembit Lepasalulembit.lepasalu@teadusjategu.ee+372\u00a0505 7038\u00a0Aarne P\u00f5ldvereaarne.poldvere@teadusjategu.ee+372\u00a0525 3420\" \/>\n<meta property=\"og:url\" content=\"https:\/\/teadusjategu.ee\/index.php\/et\/kontakt\/\" \/>\n<meta property=\"og:site_name\" content=\"Teadus ja Tegu\" \/>\n<meta property=\"article:modified_time\" content=\"2017-03-01T13:58:05+00:00\" \/>\n<meta property=\"og:image\" content=\"https:\/\/teadusjategu.ee\/wp-content\/uploads\/2017\/02\/Asukoht-cropped-1024x310.jpg\" \/>\n<meta name=\"twitter:card\" content=\"summary_large_image\" \/>\n<script type=\"application\/ld+json\" class=\"yoast-schema-graph\">{\"@context\":\"https:\/\/schema.org\",\"@graph\":[{\"@type\":\"WebPage\",\"@id\":\"https:\/\/teadusjategu.ee\/index.php\/et\/kontakt\/\",\"url\":\"https:\/\/teadusjategu.ee\/index.php\/et\/kontakt\/\",\"name\":\"Kontakt - Teadus ja Tegu\",\"isPartOf\":{\"@id\":\"https:\/\/teadusjategu.ee\/#website\"},\"datePublished\":\"2017-01-01T20:46:16+00:00\",\"dateModified\":\"2017-03-01T13:58:05+00:00\",\"breadcrumb\":{\"@id\":\"https:\/\/teadusjategu.ee\/index.php\/et\/kontakt\/#breadcrumb\"},\"inLanguage\":\"et\",\"potentialAction\":[{\"@type\":\"ReadAction\",\"target\":[\"https:\/\/teadusjategu.ee\/index.php\/et\/kontakt\/\"]}]},{\"@type\":\"BreadcrumbList\",\"@id\":\"https:\/\/teadusjategu.ee\/index.php\/et\/kontakt\/#breadcrumb\",\"itemListElement\":[{\"@type\":\"ListItem\",\"position\":1,\"name\":\"Home\",\"item\":\"https:\/\/teadusjategu.ee\/index.php\/et\/esileht\/\"},{\"@type\":\"ListItem\",\"position\":2,\"name\":\"Kontakt\"}]},{\"@type\":\"WebSite\",\"@id\":\"https:\/\/teadusjategu.ee\/#website\",\"url\":\"https:\/\/teadusjategu.ee\/\",\"name\":\"Teadus ja Tegu\",\"description\":\"Teadus ja Tegu O\u00dc veebileht\",\"publisher\":{\"@id\":\"https:\/\/teadusjategu.ee\/#organization\"},\"potentialAction\":[{\"@type\":\"SearchAction\",\"target\":{\"@type\":\"EntryPoint\",\"urlTemplate\":\"https:\/\/teadusjategu.ee\/?s={search_term_string}\"},\"query-input\":\"required name=search_term_string\"}],\"inLanguage\":\"et\"},{\"@type\":\"Organization\",\"@id\":\"https:\/\/teadusjategu.ee\/#organization\",\"name\":\"Teadus ja Tegu\",\"url\":\"https:\/\/teadusjategu.ee\/\",\"logo\":{\"@type\":\"ImageObject\",\"inLanguage\":\"et\",\"@id\":\"https:\/\/teadusjategu.ee\/#\/schema\/logo\/image\/\",\"url\":\"https:\/\/teadusjategu.ee\/wp-content\/uploads\/2017\/01\/cropped-TT4.png\",\"contentUrl\":\"https:\/\/teadusjategu.ee\/wp-content\/uploads\/2017\/01\/cropped-TT4.png\",\"width\":300,\"height\":60,\"caption\":\"Teadus ja Tegu\"},\"image\":{\"@id\":\"https:\/\/teadusjategu.ee\/#\/schema\/logo\/image\/\"}}]}<\/script>\n<!-- \/ Yoast SEO plugin. -->","yoast_head_json":{"title":"Kontakt - Teadus ja Tegu","robots":{"index":"index","follow":"follow","max-snippet":"max-snippet:-1","max-image-preview":"max-image-preview:large","max-video-preview":"max-video-preview:-1"},"canonical":"https:\/\/teadusjategu.ee\/index.php\/et\/kontakt\/","og_locale":"et_EE","og_type":"article","og_title":"Kontakt - Teadus ja Tegu","og_description":"Teadus ja Tegu O\u00dcAretuse 2, M\u00e4rja,Tartumaa, 61406, Eestiinfo@teadusjategu.ee T\u00f6\u00f6tajad:\u00a0V\u00e4ino Poikalainenvaino.poikalainen@teadusjategu.ee+372\u00a0503 1155\u00a0Lembit Lepasalulembit.lepasalu@teadusjategu.ee+372\u00a0505 7038\u00a0Aarne P\u00f5ldvereaarne.poldvere@teadusjategu.ee+372\u00a0525 3420","og_url":"https:\/\/teadusjategu.ee\/index.php\/et\/kontakt\/","og_site_name":"Teadus ja Tegu","article_modified_time":"2017-03-01T13:58:05+00:00","og_image":[{"url":"https:\/\/teadusjategu.ee\/wp-content\/uploads\/2017\/02\/Asukoht-cropped-1024x310.jpg"}],"twitter_card":"summary_large_image","schema":{"@context":"https:\/\/schema.org","@graph":[{"@type":"WebPage","@id":"https:\/\/teadusjategu.ee\/index.php\/et\/kontakt\/","url":"https:\/\/teadusjategu.ee\/index.php\/et\/kontakt\/","name":"Kontakt - Teadus ja Tegu","isPartOf":{"@id":"https:\/\/teadusjategu.ee\/#website"},"datePublished":"2017-01-01T20:46:16+00:00","dateModified":"2017-03-01T13:58:05+00:00","breadcrumb":{"@id":"https:\/\/teadusjategu.ee\/index.php\/et\/kontakt\/#breadcrumb"},"inLanguage":"et","potentialAction":[{"@type":"ReadAction","target":["https:\/\/teadusjategu.ee\/index.php\/et\/kontakt\/"]}]},{"@type":"BreadcrumbList","@id":"https:\/\/teadusjategu.ee\/index.php\/et\/kontakt\/#breadcrumb","itemListElement":[{"@type":"ListItem","position":1,"name":"Home","item":"https:\/\/teadusjategu.ee\/index.php\/et\/esileht\/"},{"@type":"ListItem","position":2,"name":"Kontakt"}]},{"@type":"WebSite","@id":"https:\/\/teadusjategu.ee\/#website","url":"https:\/\/teadusjategu.ee\/","name":"Teadus ja Tegu","description":"Teadus ja Tegu O\u00dc veebileht","publisher":{"@id":"https:\/\/teadusjategu.ee\/#organization"},"potentialAction":[{"@type":"SearchAction","target":{"@type":"EntryPoint","urlTemplate":"https:\/\/teadusjategu.ee\/?s={search_term_string}"},"query-input":"required name=search_term_string"}],"inLanguage":"et"},{"@type":"Organization","@id":"https:\/\/teadusjategu.ee\/#organization","name":"Teadus ja Tegu","url":"https:\/\/teadusjategu.ee\/","logo":{"@type":"ImageObject","inLanguage":"et","@id":"https:\/\/teadusjategu.ee\/#\/schema\/logo\/image\/","url":"https:\/\/teadusjategu.ee\/wp-content\/uploads\/2017\/01\/cropped-TT4.png","contentUrl":"https:\/\/teadusjategu.ee\/wp-content\/uploads\/2017\/01\/cropped-TT4.png","width":300,"height":60,"caption":"Teadus ja Tegu"},"image":{"@id":"https:\/\/teadusjategu.ee\/#\/schema\/logo\/image\/"}}]}},"_links":{"self":[{"href":"https:\/\/teadusjategu.ee\/index.php\/wp-json\/wp\/v2\/pages\/111","targetHints":{"allow":["GET"]}}],"collection":[{"href":"https:\/\/teadusjategu.ee\/index.php\/wp-json\/wp\/v2\/pages"}],"about":[{"href":"https:\/\/teadusjategu.ee\/index.php\/wp-json\/wp\/v2\/types\/page"}],"author":[{"embeddable":true,"href":"https:\/\/teadusjategu.ee\/index.php\/wp-json\/wp\/v2\/users\/1"}],"replies":[{"embeddable":true,"href":"https:\/\/teadusjategu.ee\/index.php\/wp-json\/wp\/v2\/comments?post=111"}],"version-history":[{"count":5,"href":"https:\/\/teadusjategu.ee\/index.php\/wp-json\/wp\/v2\/pages\/111\/revisions"}],"predecessor-version":[{"id":734,"href":"https:\/\/teadusjategu.ee\/index.php\/wp-json\/wp\/v2\/pages\/111\/revisions\/734"}],"wp:attachment":[{"href":"https:\/\/teadusjategu.ee\/index.php\/wp-json\/wp\/v2\/media?parent=111"}],"curies":[{"name":"wp","href":"https:\/\/api.w.org\/{rel}","templated":true}]}}